{"id":28384,"date":"2022-02-23T19:52:32","date_gmt":"2022-02-23T19:52:32","guid":{"rendered":"https:\/\/www.climunoz.com\/legal-notice\/"},"modified":"2024-12-04T18:16:20","modified_gmt":"2024-12-04T18:16:20","slug":"legal-notice","status":"publish","type":"page","link":"https:\/\/www.climunoz.com\/en\/legal-notice\/","title":{"rendered":"Legal Notice"},"content":{"rendered":"\n<div>\n<div><span class=\"font-size-10 lh-1\">In compliance with Article 10 of Law 34\/2002, of July 11, 2002, on Information Society Services and Electronic Commerce (LSSICE), the company&#8217;s identification data are shown below.<\/span><\/div>\n<div><span class=\"font-size-10 lh-1\"> <\/span><\/div>\n<div><span class=\"font-size-10 lh-1\">Company name: <\/span>Clinica Mu\u00f1oz<\/div>\n<div><span class=\"font-size-10 lh-1\">Tax identification number: <\/span>29160778K<\/div>\n<div><span class=\"font-size-10 lh-1\">Registered address: <\/span>Sant Francesc de Borja 21- 46701 Gandia (Valencia)<\/div>\n<div><span class=\"font-size-10 lh-1\">E-mail: <\/span>info@climunoz.com<\/div>\n<div><span class=\"font-size-10 lh-1\">Phone: <\/span>962960269<\/div>\n<div><span class=\"font-size-10 lh-1\">Data related to the previous administrative authorization for the exercise of the activity:<\/span><\/div>\n<div><span class=\"font-size-10 lh-1\">Registered as a Medical Center of General and Family Medicine and Aesthetic Medicine, by the Conseller\u00eda de Sanitat i Consum Valenciana,  <\/span><\/div>\n<div><span class=\"font-size-10 lh-1\">with the number 02595 of the Official Registry of Health Centers, Services and Establishments of the Valencian Community.<\/span><\/div>\n<div><span class=\"font-size-10 lh-1\">Codes of conduct to which it adheres: <\/span>Medical Code of Ethics.<\/div>\n<div><span class=\"font-size-10 lh-1\">Academic qualifications:<\/span><\/div>\n<div><span class=\"font-size-10 lh-1\">Degree in Medicine and Surgery. General Practitioner in the Spanish National Health System and Public Social Security Systems of the other Member States of the European Communities. <\/span><\/div>\n<div><span class=\"font-size-10 lh-1\">Aesthetic Medicine Physician accredited by the Official College of Physicians of Valencia and registered in the Register of Non-Regulated Medical Activities under No. E\/024.<\/span><\/div>\n<div><span class=\"font-size-10 lh-1\">Master in Aesthetic Medicine and Diplomas in Cosmetic Medicine and Surgery <\/span>and in Medicine of Aging, from the Autonomous University of Barcelona.<\/div>\n<div><span class=\"font-size-10 lh-1\">State of the European Union or of the European economic area where the degree was granted: <\/span>Spain<\/div>\n<div><span class=\"font-size-10 lh-1\"> <\/span><\/div>\n<div><span class=\"font-size-10 lh-1\">This website has been created and is the intellectual property of Inmaculada Mu\u00f1oz Escriv\u00e1 for information purposes and for the personal use of the users and access is free of charge. Through this Legal Notice, it is intended to regulate the access and use of this website, as well as the relationship between the website and its users. By accessing this website the following terms and conditions are accepted: access to this website is the sole responsibility of the users. Any use of the same contrary to the rules on intellectual property will be prosecuted under current legislation.   <\/span><\/div>\n<div><span class=\"font-size-10 lh-1\">The simple access to this web site does not imply any type of commercial relationship between Clinica Mu\u00f1oz and the user.  <\/span><\/div>\n<div><span class=\"font-size-10 lh-1\">Accessing and browsing this website is free of charge and implies acceptance and knowledge of the legal warnings, conditions and terms of use contained herein.<\/span><\/div>\n<div><span class=\"font-size-10 lh-1\">The owner of the website may offer services or products that may be subject to special conditions that, depending on the case, replace, complete and\/or modify these conditions, and about which the user will be informed in each specific case.<\/span><\/div>\n<\/div>\n","protected":false},"excerpt":{"rendered":"<p>In compliance with Article 10 of Law 34\/2002, of July 11, 2002, on Information Society Services and Electronic Commerce (LSSICE), the company&#8217;s identification data are shown below. Company name: Clinica Mu\u00f1oz Tax identification number: 29160778K Registered address: Sant Francesc de Borja 21- 46701 Gandia (Valencia) E-mail: info@climunoz.com Phone: 962960269 Data related to the previous administrative [&hellip;]<\/p>\n","protected":false},"author":1,"featured_media":0,"parent":0,"menu_order":0,"comment_status":"closed","ping_status":"closed","template":"","meta":{"_et_pb_use_builder":"","_et_pb_old_content":"","_et_gb_content_width":"","footnotes":""},"class_list":["post-28384","page","type-page","status-publish","hentry"],"yoast_head":"<!-- This site is optimized with the Yoast SEO plugin v27.4 - https:\/\/yoast.com\/product\/yoast-seo-wordpress\/ -->\n<title>Legal Notice - Cl\u00ednica Mu\u00f1oz<\/title>\n<meta name=\"robots\" content=\"noindex, follow\" \/>\n<meta property=\"og:locale\" content=\"en_US\" \/>\n<meta property=\"og:type\" content=\"article\" \/>\n<meta property=\"og:title\" content=\"Legal Notice - Cl\u00ednica Mu\u00f1oz\" \/>\n<meta property=\"og:description\" content=\"In compliance with Article 10 of Law 34\/2002, of July 11, 2002, on Information Society Services and Electronic Commerce (LSSICE), the company&#8217;s identification data are shown below. Company name: Clinica Mu\u00f1oz Tax identification number: 29160778K Registered address: Sant Francesc de Borja 21- 46701 Gandia (Valencia) E-mail: info@climunoz.com Phone: 962960269 Data related to the previous administrative [&hellip;]\" \/>\n<meta property=\"og:url\" content=\"https:\/\/www.climunoz.com\/en\/legal-notice\/\" \/>\n<meta property=\"og:site_name\" content=\"Cl\u00ednica Mu\u00f1oz\" \/>\n<meta property=\"article:modified_time\" content=\"2024-12-04T18:16:20+00:00\" \/>\n<meta property=\"og:image\" content=\"https:\/\/www.climunoz.com\/wp-content\/uploads\/2021\/12\/cropped-logo-clinicas-mun\u0303oz-sin-texto.png\" \/>\n\t<meta property=\"og:image:width\" content=\"512\" \/>\n\t<meta property=\"og:image:height\" content=\"512\" \/>\n\t<meta property=\"og:image:type\" content=\"image\/png\" \/>\n<meta name=\"twitter:card\" content=\"summary_large_image\" \/>\n<meta name=\"twitter:label1\" content=\"Est. reading time\" \/>\n\t<meta name=\"twitter:data1\" content=\"2 minutes\" \/>\n<script type=\"application\/ld+json\" class=\"yoast-schema-graph\">{\"@context\":\"https:\\\/\\\/schema.org\",\"@graph\":[{\"@type\":\"WebPage\",\"@id\":\"https:\\\/\\\/www.climunoz.com\\\/en\\\/legal-notice\\\/\",\"url\":\"https:\\\/\\\/www.climunoz.com\\\/en\\\/legal-notice\\\/\",\"name\":\"Legal Notice - Cl\u00ednica Mu\u00f1oz\",\"isPartOf\":{\"@id\":\"https:\\\/\\\/www.climunoz.com\\\/en\\\/#website\"},\"datePublished\":\"2022-02-23T19:52:32+00:00\",\"dateModified\":\"2024-12-04T18:16:20+00:00\",\"breadcrumb\":{\"@id\":\"https:\\\/\\\/www.climunoz.com\\\/en\\\/legal-notice\\\/#breadcrumb\"},\"inLanguage\":\"en-US\",\"potentialAction\":[{\"@type\":\"ReadAction\",\"target\":[\"https:\\\/\\\/www.climunoz.com\\\/en\\\/legal-notice\\\/\"]}]},{\"@type\":\"BreadcrumbList\",\"@id\":\"https:\\\/\\\/www.climunoz.com\\\/en\\\/legal-notice\\\/#breadcrumb\",\"itemListElement\":[{\"@type\":\"ListItem\",\"position\":1,\"name\":\"Home\",\"item\":\"https:\\\/\\\/www.climunoz.com\\\/en\\\/home\\\/\"},{\"@type\":\"ListItem\",\"position\":2,\"name\":\"Legal Notice\"}]},{\"@type\":\"WebSite\",\"@id\":\"https:\\\/\\\/www.climunoz.com\\\/en\\\/#website\",\"url\":\"https:\\\/\\\/www.climunoz.com\\\/en\\\/\",\"name\":\"Cl\u00ednica Mu\u00f1oz\",\"description\":\"Medicina integrativa y est\u00e9tica en Gand\u00eda y Valencia\",\"publisher\":{\"@id\":\"https:\\\/\\\/www.climunoz.com\\\/en\\\/#organization\"},\"potentialAction\":[{\"@type\":\"SearchAction\",\"target\":{\"@type\":\"EntryPoint\",\"urlTemplate\":\"https:\\\/\\\/www.climunoz.com\\\/en\\\/?s={search_term_string}\"},\"query-input\":{\"@type\":\"PropertyValueSpecification\",\"valueRequired\":true,\"valueName\":\"search_term_string\"}}],\"inLanguage\":\"en-US\"},{\"@type\":\"Organization\",\"@id\":\"https:\\\/\\\/www.climunoz.com\\\/en\\\/#organization\",\"name\":\"Cl\u00ednica Mu\u00f1oz, especialistas en inmunolog\u00eda\",\"url\":\"https:\\\/\\\/www.climunoz.com\\\/en\\\/\",\"logo\":{\"@type\":\"ImageObject\",\"inLanguage\":\"en-US\",\"@id\":\"https:\\\/\\\/www.climunoz.com\\\/en\\\/#\\\/schema\\\/logo\\\/image\\\/\",\"url\":\"https:\\\/\\\/www.climunoz.com\\\/wp-content\\\/uploads\\\/2021\\\/12\\\/cropped-logo-clinicas-mun\u0303oz-sin-texto.png\",\"contentUrl\":\"https:\\\/\\\/www.climunoz.com\\\/wp-content\\\/uploads\\\/2021\\\/12\\\/cropped-logo-clinicas-mun\u0303oz-sin-texto.png\",\"width\":512,\"height\":512,\"caption\":\"Cl\u00ednica Mu\u00f1oz, especialistas en inmunolog\u00eda\"},\"image\":{\"@id\":\"https:\\\/\\\/www.climunoz.com\\\/en\\\/#\\\/schema\\\/logo\\\/image\\\/\"}}]}<\/script>\n<!-- \/ Yoast SEO plugin. -->","yoast_head_json":{"title":"Legal Notice - Cl\u00ednica Mu\u00f1oz","robots":{"index":"noindex","follow":"follow"},"og_locale":"en_US","og_type":"article","og_title":"Legal Notice - Cl\u00ednica Mu\u00f1oz","og_description":"In compliance with Article 10 of Law 34\/2002, of July 11, 2002, on Information Society Services and Electronic Commerce (LSSICE), the company&#8217;s identification data are shown below. Company name: Clinica Mu\u00f1oz Tax identification number: 29160778K Registered address: Sant Francesc de Borja 21- 46701 Gandia (Valencia) E-mail: info@climunoz.com Phone: 962960269 Data related to the previous administrative [&hellip;]","og_url":"https:\/\/www.climunoz.com\/en\/legal-notice\/","og_site_name":"Cl\u00ednica Mu\u00f1oz","article_modified_time":"2024-12-04T18:16:20+00:00","og_image":[{"width":512,"height":512,"url":"https:\/\/www.climunoz.com\/wp-content\/uploads\/2021\/12\/cropped-logo-clinicas-mun\u0303oz-sin-texto.png","type":"image\/png"}],"twitter_card":"summary_large_image","twitter_misc":{"Est. reading time":"2 minutes"},"schema":{"@context":"https:\/\/schema.org","@graph":[{"@type":"WebPage","@id":"https:\/\/www.climunoz.com\/en\/legal-notice\/","url":"https:\/\/www.climunoz.com\/en\/legal-notice\/","name":"Legal Notice - Cl\u00ednica Mu\u00f1oz","isPartOf":{"@id":"https:\/\/www.climunoz.com\/en\/#website"},"datePublished":"2022-02-23T19:52:32+00:00","dateModified":"2024-12-04T18:16:20+00:00","breadcrumb":{"@id":"https:\/\/www.climunoz.com\/en\/legal-notice\/#breadcrumb"},"inLanguage":"en-US","potentialAction":[{"@type":"ReadAction","target":["https:\/\/www.climunoz.com\/en\/legal-notice\/"]}]},{"@type":"BreadcrumbList","@id":"https:\/\/www.climunoz.com\/en\/legal-notice\/#breadcrumb","itemListElement":[{"@type":"ListItem","position":1,"name":"Home","item":"https:\/\/www.climunoz.com\/en\/home\/"},{"@type":"ListItem","position":2,"name":"Legal Notice"}]},{"@type":"WebSite","@id":"https:\/\/www.climunoz.com\/en\/#website","url":"https:\/\/www.climunoz.com\/en\/","name":"Cl\u00ednica Mu\u00f1oz","description":"Medicina integrativa y est\u00e9tica en Gand\u00eda y Valencia","publisher":{"@id":"https:\/\/www.climunoz.com\/en\/#organization"},"potentialAction":[{"@type":"SearchAction","target":{"@type":"EntryPoint","urlTemplate":"https:\/\/www.climunoz.com\/en\/?s={search_term_string}"},"query-input":{"@type":"PropertyValueSpecification","valueRequired":true,"valueName":"search_term_string"}}],"inLanguage":"en-US"},{"@type":"Organization","@id":"https:\/\/www.climunoz.com\/en\/#organization","name":"Cl\u00ednica Mu\u00f1oz, especialistas en inmunolog\u00eda","url":"https:\/\/www.climunoz.com\/en\/","logo":{"@type":"ImageObject","inLanguage":"en-US","@id":"https:\/\/www.climunoz.com\/en\/#\/schema\/logo\/image\/","url":"https:\/\/www.climunoz.com\/wp-content\/uploads\/2021\/12\/cropped-logo-clinicas-mun\u0303oz-sin-texto.png","contentUrl":"https:\/\/www.climunoz.com\/wp-content\/uploads\/2021\/12\/cropped-logo-clinicas-mun\u0303oz-sin-texto.png","width":512,"height":512,"caption":"Cl\u00ednica Mu\u00f1oz, especialistas en inmunolog\u00eda"},"image":{"@id":"https:\/\/www.climunoz.com\/en\/#\/schema\/logo\/image\/"}}]}},"_links":{"self":[{"href":"https:\/\/www.climunoz.com\/en\/wp-json\/wp\/v2\/pages\/28384","targetHints":{"allow":["GET"]}}],"collection":[{"href":"https:\/\/www.climunoz.com\/en\/wp-json\/wp\/v2\/pages"}],"about":[{"href":"https:\/\/www.climunoz.com\/en\/wp-json\/wp\/v2\/types\/page"}],"author":[{"embeddable":true,"href":"https:\/\/www.climunoz.com\/en\/wp-json\/wp\/v2\/users\/1"}],"replies":[{"embeddable":true,"href":"https:\/\/www.climunoz.com\/en\/wp-json\/wp\/v2\/comments?post=28384"}],"version-history":[{"count":1,"href":"https:\/\/www.climunoz.com\/en\/wp-json\/wp\/v2\/pages\/28384\/revisions"}],"predecessor-version":[{"id":28385,"href":"https:\/\/www.climunoz.com\/en\/wp-json\/wp\/v2\/pages\/28384\/revisions\/28385"}],"wp:attachment":[{"href":"https:\/\/www.climunoz.com\/en\/wp-json\/wp\/v2\/media?parent=28384"}],"curies":[{"name":"wp","href":"https:\/\/api.w.org\/{rel}","templated":true}]}}