{"id":27968,"date":"2024-11-11T09:25:48","date_gmt":"2024-11-11T09:25:48","guid":{"rendered":"https:\/\/www.climunoz.com\/rare-diseases\/"},"modified":"2025-01-13T15:40:16","modified_gmt":"2025-01-13T15:40:16","slug":"rare-diseases","status":"publish","type":"page","link":"https:\/\/www.climunoz.com\/en\/personalized-medicine-and-immunology\/diseases\/rare-diseases\/","title":{"rendered":"Rare diseases"},"content":{"rendered":"<p>[et_pb_section fb_built=&#8221;1&#8243; custom_padding_last_edited=&#8221;on|phone&#8221; admin_label=&#8221;Hero&#8221; _builder_version=&#8221;4.27.2&#8243; background_color=&#8221;rgba(35,35,35,0.24)&#8221; background_color_gradient_start=&#8221;rgba(20,2,2,0.2)&#8221; background_color_gradient_end=&#8221;rgba(10,0,0,0.42)&#8221; background_image=&#8221;https:\/\/www.climunoz.com\/wp-content\/uploads\/2024\/11\/fondo-cabecera-enfermedades-raras.jpg&#8221; background_blend=&#8221;multiply&#8221; custom_margin=&#8221;|5vw||&#8221; custom_padding=&#8221;8vw||8vw||true|false&#8221; custom_padding_tablet=&#8221;100px||100px|&#8221; custom_padding_phone=&#8221;|||&#8221; animation_style=&#8221;slide&#8221; animation_direction=&#8221;left&#8221; animation_intensity_slide=&#8221;5%&#8221; border_radii=&#8221;off|||15vw|&#8221; border_color_all=&#8221;#627e89&#8243; border_width_right=&#8221;0vw&#8221; box_shadow_style=&#8221;preset4&#8243; box_shadow_horizontal=&#8221;0px&#8221; box_shadow_vertical=&#8221;30px&#8221; box_shadow_blur=&#8221;80px&#8221; box_shadow_spread=&#8221;-30px&#8221; box_shadow_color=&#8221;#b2b2b2&#8243; global_colors_info=&#8221;{}&#8221;][et_pb_row _builder_version=&#8221;4.16&#8243; width=&#8221;63.5%&#8221; width_tablet=&#8221;63.5%&#8221; width_phone=&#8221;100%&#8221; width_last_edited=&#8221;on|phone&#8221; custom_margin=&#8221;|536px||120px|false|false&#8221; custom_margin_tablet=&#8221;|536px||auto||&#8221; custom_margin_phone=&#8221;|536px||auto||&#8221; custom_margin_last_edited=&#8221;on|phone&#8221; custom_padding=&#8221;0|0px|27px|0px||&#8221; global_colors_info=&#8221;{}&#8221;][et_pb_column type=&#8221;4_4&#8243; _builder_version=&#8221;4.16&#8243; custom_padding=&#8221;|||&#8221; global_colors_info=&#8221;{}&#8221; custom_padding__hover=&#8221;|||&#8221;][et_pb_text admin_label=&#8221;Text&#8221; _builder_version=&#8221;4.16&#8243; text_font=&#8221;|300|||||||&#8221; text_line_height=&#8221;1.8em&#8221; header_font=&#8221;Montserrat|500|||||||&#8221; header_text_align=&#8221;left&#8221; header_font_size=&#8221;3vw&#8221; header_line_height=&#8221;1.2em&#8221; background_layout=&#8221;dark&#8221; width_tablet=&#8221;&#8221; width_phone=&#8221;93.1%&#8221; width_last_edited=&#8221;on|phone&#8221; module_alignment=&#8221;left&#8221; custom_margin=&#8221;|182px||-242px||&#8221; custom_margin_tablet=&#8221;|182px||-242px||&#8221; custom_margin_phone=&#8221;|216px||-242px||&#8221; custom_margin_last_edited=&#8221;on|phone&#8221; custom_padding=&#8221;|0px||||&#8221; custom_padding_tablet=&#8221;|122px||||&#8221; custom_padding_phone=&#8221;|0px|||false|false&#8221; custom_padding_last_edited=&#8221;on|phone&#8221; text_font_size_tablet=&#8221;&#8221; text_font_size_phone=&#8221;&#8221; text_font_size_last_edited=&#8221;on|phone&#8221; header_font_tablet=&#8221;Montserrat|500|||||||&#8221; header_font_phone=&#8221;Default|500|||||||&#8221; header_font_last_edited=&#8221;on|phone&#8221; header_font_size_tablet=&#8221;40px&#8221; header_font_size_phone=&#8221;34px&#8221; header_font_size_last_edited=&#8221;on|phone&#8221; header_line_height_tablet=&#8221;1.2em&#8221; header_line_height_phone=&#8221;1.1em&#8221; header_line_height_last_edited=&#8221;on|phone&#8221; module_alignment_tablet=&#8221;left&#8221; module_alignment_phone=&#8221;center&#8221; module_alignment_last_edited=&#8221;on|phone&#8221; header_text_shadow_style=&#8221;preset3&#8243; header_text_shadow_color=&#8221;rgba(0,0,0,0.06)&#8221; global_colors_info=&#8221;{}&#8221;]<\/p>\n<h1 style=\"text-align: left;\">Rare diseases<\/h1>\n<p>[\/et_pb_text][\/et_pb_column][\/et_pb_row][\/et_pb_section][et_pb_section fb_built=&#8221;1&#8243; disabled_on=&#8221;on|off|off&#8221; admin_label=&#8221;Section&#8221; module_class=&#8221;menu-enfermedades&#8221; _builder_version=&#8221;4.16&#8243; _module_preset=&#8221;default&#8221; custom_padding=&#8221;5px||0px|||&#8221; saved_tabs=&#8221;all&#8221; global_colors_info=&#8221;{}&#8221;][et_pb_row disabled_on=&#8221;off|off|off&#8221; _builder_version=&#8221;4.16&#8243; _module_preset=&#8221;default&#8221; background_enable_image=&#8221;off&#8221; background_size=&#8221;contain&#8221; background_position=&#8221;top_left&#8221; width=&#8221;90%&#8221; max_width=&#8221;90%&#8221; custom_margin=&#8221;||||false|false&#8221; custom_padding=&#8221;4px||1px|||&#8221; global_colors_info=&#8221;{}&#8221;][et_pb_column type=&#8221;4_4&#8243; _builder_version=&#8221;4.16&#8243; _module_preset=&#8221;default&#8221; global_colors_info=&#8221;{}&#8221;][et_pb_text _builder_version=&#8221;4.16&#8243; _module_preset=&#8221;default&#8221; width=&#8221;100%&#8221; max_width=&#8221;100%&#8221; module_alignment=&#8221;left&#8221; global_colors_info=&#8221;{}&#8221;]<\/p>\n<p style=\"text-align: left;\"><span><span><a href=\"https:\/\/www.climunoz.com\/en\/home\/\">Home<\/a><\/span><\/span><\/p>\n<p>[\/et_pb_text][\/et_pb_column][\/et_pb_row][\/et_pb_section][et_pb_section fb_built=&#8221;1&#8243; _builder_version=&#8221;4.16&#8243; _module_preset=&#8221;default&#8221; custom_padding=&#8221;||3px|||&#8221; global_colors_info=&#8221;{}&#8221;][et_pb_row column_structure=&#8221;2_5,3_5&#8243; disabled_on=&#8221;off|off|off&#8221; _builder_version=&#8221;4.16&#8243; _module_preset=&#8221;default&#8221; global_colors_info=&#8221;{}&#8221;][et_pb_column type=&#8221;2_5&#8243; _builder_version=&#8221;4.16&#8243; _module_preset=&#8221;default&#8221; custom_padding=&#8221;||||false|false&#8221; global_colors_info=&#8221;{}&#8221;][et_pb_sidebar area=&#8221;et_pb_widget_area_1&#8243; disabled_on=&#8221;off|off|off&#8221; module_class=&#8221;sidebar-menu-enfermedades&#8221; _builder_version=&#8221;4.16&#8243; _module_preset=&#8221;default&#8221; z_index=&#8221;500&#8243; position_origin_a_tablet=&#8221;&#8221; position_origin_a_phone=&#8221;&#8221; position_origin_a_last_edited=&#8221;on|desktop&#8221; position_origin_f_tablet=&#8221;center_center&#8221; position_origin_f_phone=&#8221;center_center&#8221; position_origin_f_last_edited=&#8221;on|desktop&#8221; position_origin_r_tablet=&#8221;&#8221; position_origin_r_phone=&#8221;&#8221; position_origin_r_last_edited=&#8221;on|desktop&#8221; text_orientation=&#8221;center&#8221; width=&#8221;100%&#8221; width_tablet=&#8221;100%&#8221; width_phone=&#8221;100%&#8221; width_last_edited=&#8221;on|tablet&#8221; height_tablet=&#8221;&#8221; height_phone=&#8221;&#8221; height_last_edited=&#8221;on|tablet&#8221; custom_margin=&#8221;||||false|false&#8221; custom_margin_tablet=&#8221;|50px||50px|false|false&#8221; custom_margin_phone=&#8221;|0px||17vw|false|false&#8221; custom_margin_last_edited=&#8221;on|tablet&#8221; sticky_limit_bottom=&#8221;column&#8221; positioning_tablet=&#8221;fixed&#8221; positioning_phone=&#8221;fixed&#8221; positioning_last_edited=&#8221;on|phone&#8221; module_alignment_tablet=&#8221;center&#8221; module_alignment_phone=&#8221;center&#8221; module_alignment_last_edited=&#8221;on|phone&#8221; saved_tabs=&#8221;all&#8221; global_colors_info=&#8221;{}&#8221;][\/et_pb_sidebar][et_pb_image src=&#8221;https:\/\/www.climunoz.com\/wp-content\/uploads\/2024\/12\/Contacto-ingles.png&#8221; title_text=&#8221;Contacto-ingles&#8221; align_tablet=&#8221;&#8221; align_phone=&#8221;center&#8221; align_last_edited=&#8221;on|phone&#8221; disabled_on=&#8221;on|on|off&#8221; module_class=&#8221;popmake-26347\t&#8221; _builder_version=&#8221;4.27.4&#8243; _module_preset=&#8221;default&#8221; width=&#8221;90%&#8221; max_width=&#8221;50%&#8221; custom_margin=&#8221;|0px|||false|false&#8221; custom_padding=&#8221;|0px||||&#8221; custom_padding_tablet=&#8221;|216px||||&#8221; custom_padding_phone=&#8221;|0px|||false|false&#8221; custom_padding_last_edited=&#8221;on|phone&#8221; sticky_position=&#8221;top&#8221; sticky_offset_top=&#8221;109px&#8221; sticky_limit_bottom=&#8221;row&#8221; saved_tabs=&#8221;all&#8221; global_colors_info=&#8221;{}&#8221;][\/et_pb_image][\/et_pb_column][et_pb_column type=&#8221;3_5&#8243; _builder_version=&#8221;4.16&#8243; _module_preset=&#8221;default&#8221; global_colors_info=&#8221;{}&#8221;][et_pb_text _builder_version=&#8221;4.16&#8243; text_text_color=&#8221;#000000&#8243; header_2_font=&#8221;||||||||&#8221; text_orientation=&#8221;left&#8221; width=&#8221;85%&#8221; width_tablet=&#8221;90%&#8221; width_phone=&#8221;90%&#8221; width_last_edited=&#8221;on|phone&#8221; max_width=&#8221;85%&#8221; max_width_tablet=&#8221;91%&#8221; max_width_phone=&#8221;90%&#8221; max_width_last_edited=&#8221;on|phone&#8221; module_alignment=&#8221;left&#8221; custom_margin=&#8221;17px||||false|false&#8221; custom_margin_tablet=&#8221;0px|50px||50px|false|false&#8221; custom_margin_phone=&#8221;0px|50px||50px&#8221; custom_margin_last_edited=&#8221;on|phone&#8221; custom_padding=&#8221;||0px|||&#8221; custom_padding_tablet=&#8221;||0px||false|false&#8221; custom_padding_phone=&#8221;|10px||20px|false|false&#8221; custom_padding_last_edited=&#8221;on|phone&#8221; header_2_font_size_tablet=&#8221;&#8221; header_2_font_size_phone=&#8221;35px&#8221; header_2_font_size_last_edited=&#8221;on|phone&#8221; module_alignment_tablet=&#8221;center&#8221; module_alignment_phone=&#8221;left&#8221; module_alignment_last_edited=&#8221;on|phone&#8221; global_colors_info=&#8221;{}&#8221;]<\/p>\n<h2>What are Rare Diseases?<\/h2>\n<p>[\/et_pb_text][et_pb_text _builder_version=&#8221;4.27.4&#8243; text_text_color=&#8221;#000000&#8243; header_2_font=&#8221;|300|||||||&#8221; header_3_font=&#8221;|700|||||||&#8221; text_orientation=&#8221;left&#8221; width=&#8221;100%&#8221; width_tablet=&#8221;90%&#8221; width_phone=&#8221;90%&#8221; width_last_edited=&#8221;on|phone&#8221; max_width=&#8221;85%&#8221; max_width_tablet=&#8221;91%&#8221; max_width_phone=&#8221;90%&#8221; max_width_last_edited=&#8221;on|phone&#8221; module_alignment=&#8221;left&#8221; custom_margin=&#8221;|8px||||&#8221; custom_margin_tablet=&#8221;0px|50px||50px&#8221; custom_margin_phone=&#8221;0px|50px||50px&#8221; custom_margin_last_edited=&#8221;on|phone&#8221; custom_padding=&#8221;|130px|0px|||&#8221; custom_padding_tablet=&#8221;|130px|||false|false&#8221; custom_padding_phone=&#8221;|0px||0px|false|true&#8221; custom_padding_last_edited=&#8221;on|phone&#8221; hover_enabled=&#8221;0&#8243; module_alignment_tablet=&#8221;center&#8221; module_alignment_phone=&#8221;center&#8221; module_alignment_last_edited=&#8221;on|tablet&#8221; global_colors_info=&#8221;{}&#8221; sticky_enabled=&#8221;0&#8243;]<\/p>\n<p>These are diseases with a low frequency of occurrence in the population, or which are little known or little studied.<br \/>They are usually chronic and disabling.<br \/>More than 80% of them have a genetic origin.<br \/>Examples of rare diseases are Marfan syndrome, ALS, Sch\u00f6nlein-Henoch purpura, Fragile X syndrome, among others.<\/p>\n<p>BI(G)MED uses precision diagnostics to provide appropriate management in these diseases.<\/p>\n<p>[\/et_pb_text][et_pb_image src=&#8221;https:\/\/www.climunoz.com\/wp-content\/uploads\/2024\/11\/medicacion-enfermedades-raras.jpg&#8221; alt=&#8221;researcher with medication for rare diseases&#8221; title_text=&#8221;medicacion-enfermedades-raras&#8221; _builder_version=&#8221;4.27.2&#8243; _module_preset=&#8221;default&#8221; max_width=&#8221;91%&#8221; border_radii=&#8221;off||||7vw&#8221; global_colors_info=&#8221;{}&#8221;][\/et_pb_image][\/et_pb_column][\/et_pb_row][\/et_pb_section][et_pb_section fb_built=&#8221;1&#8243; _builder_version=&#8221;4.16&#8243; _module_preset=&#8221;default&#8221; custom_padding=&#8221;2px||2px|||&#8221; global_colors_info=&#8221;{}&#8221;][\/et_pb_section]<\/p>\n","protected":false},"excerpt":{"rendered":"<p>Rare diseases<span><span><a href=\"https:\/\/www.climunoz.com\/en\/home\/\">Home<\/a><\/span><\/span>What are Rare Diseases?These are diseases with a low frequency of occurrence in the population, or which are little known or little studied.They are usually chronic and disabling.More than 80% of them have a genetic origin.Examples of rare diseases are Marfan syndrome, ALS, Sch\u00f6nlein-Henoch purpura, Fragile X syndrome, among others. BI(G)MED uses precision diagnostics [&hellip;]<\/p>\n","protected":false},"author":1,"featured_media":0,"parent":28164,"menu_order":0,"comment_status":"closed","ping_status":"closed","template":"","meta":{"_et_pb_use_builder":"on","_et_pb_old_content":"","_et_gb_content_width":"","footnotes":""},"class_list":["post-27968","page","type-page","status-publish","hentry"],"yoast_head":"<!-- This site is optimized with the Yoast SEO plugin v27.4 - https:\/\/yoast.com\/product\/yoast-seo-wordpress\/ -->\n<title>Diagnosis and Treatment of Tumor Diseases | Cl\u00ednica Mu\u00f1oz<\/title>\n<meta name=\"description\" content=\"We approach tumor diseases with our successful methodology based on precision diagnostics and treatments with bigmed and nutrition. Find out more!\" \/>\n<meta name=\"robots\" content=\"index, follow, max-snippet:-1, max-image-preview:large, max-video-preview:-1\" \/>\n<link rel=\"canonical\" href=\"https:\/\/www.climunoz.com\/en\/personalized-medicine-and-immunology\/diseases\/rare-diseases\/\" \/>\n<meta property=\"og:locale\" content=\"en_US\" \/>\n<meta property=\"og:type\" content=\"article\" \/>\n<meta property=\"og:title\" content=\"Diagnosis and Treatment of Tumor Diseases | Cl\u00ednica Mu\u00f1oz\" \/>\n<meta property=\"og:description\" content=\"We approach tumor diseases with our successful methodology based on precision diagnostics and treatments with bigmed and nutrition. Find out more!\" \/>\n<meta property=\"og:url\" content=\"https:\/\/www.climunoz.com\/en\/personalized-medicine-and-immunology\/diseases\/rare-diseases\/\" \/>\n<meta property=\"og:site_name\" content=\"Cl\u00ednica Mu\u00f1oz\" \/>\n<meta property=\"article:modified_time\" content=\"2025-01-13T15:40:16+00:00\" \/>\n<meta property=\"og:image\" content=\"https:\/\/www.climunoz.com\/wp-content\/uploads\/2021\/12\/cropped-logo-clinicas-mun\u0303oz-sin-texto.png\" \/>\n\t<meta property=\"og:image:width\" content=\"512\" \/>\n\t<meta property=\"og:image:height\" content=\"512\" \/>\n\t<meta property=\"og:image:type\" content=\"image\/png\" \/>\n<meta name=\"twitter:card\" content=\"summary_large_image\" \/>\n<meta name=\"twitter:label1\" content=\"Est. reading time\" \/>\n\t<meta name=\"twitter:data1\" content=\"1 minute\" \/>\n<script type=\"application\/ld+json\" class=\"yoast-schema-graph\">{\"@context\":\"https:\\\/\\\/schema.org\",\"@graph\":[{\"@type\":\"WebPage\",\"@id\":\"https:\\\/\\\/www.climunoz.com\\\/en\\\/personalized-medicine-and-immunology\\\/diseases\\\/rare-diseases\\\/\",\"url\":\"https:\\\/\\\/www.climunoz.com\\\/en\\\/personalized-medicine-and-immunology\\\/diseases\\\/rare-diseases\\\/\",\"name\":\"Diagnosis and Treatment of Tumor Diseases | Cl\u00ednica Mu\u00f1oz\",\"isPartOf\":{\"@id\":\"https:\\\/\\\/www.climunoz.com\\\/en\\\/#website\"},\"datePublished\":\"2024-11-11T09:25:48+00:00\",\"dateModified\":\"2025-01-13T15:40:16+00:00\",\"description\":\"We approach tumor diseases with our successful methodology based on precision diagnostics and treatments with bigmed and nutrition. Find out more!\",\"breadcrumb\":{\"@id\":\"https:\\\/\\\/www.climunoz.com\\\/en\\\/personalized-medicine-and-immunology\\\/diseases\\\/rare-diseases\\\/#breadcrumb\"},\"inLanguage\":\"en-US\",\"potentialAction\":[{\"@type\":\"ReadAction\",\"target\":[\"https:\\\/\\\/www.climunoz.com\\\/en\\\/personalized-medicine-and-immunology\\\/diseases\\\/rare-diseases\\\/\"]}]},{\"@type\":\"BreadcrumbList\",\"@id\":\"https:\\\/\\\/www.climunoz.com\\\/en\\\/personalized-medicine-and-immunology\\\/diseases\\\/rare-diseases\\\/#breadcrumb\",\"itemListElement\":[{\"@type\":\"ListItem\",\"position\":1,\"name\":\"Home\",\"item\":\"https:\\\/\\\/www.climunoz.com\\\/en\\\/home\\\/\"},{\"@type\":\"ListItem\",\"position\":2,\"name\":\"Personalized medicine and immunology\",\"item\":\"https:\\\/\\\/www.climunoz.com\\\/en\\\/personalized-medicine-and-immunology\\\/\"},{\"@type\":\"ListItem\",\"position\":3,\"name\":\"Diseases\",\"item\":\"https:\\\/\\\/www.climunoz.com\\\/en\\\/personalized-medicine-and-immunology\\\/diseases\\\/\"},{\"@type\":\"ListItem\",\"position\":4,\"name\":\"Rare diseases\"}]},{\"@type\":\"WebSite\",\"@id\":\"https:\\\/\\\/www.climunoz.com\\\/en\\\/#website\",\"url\":\"https:\\\/\\\/www.climunoz.com\\\/en\\\/\",\"name\":\"Cl\u00ednica Mu\u00f1oz\",\"description\":\"Medicina integrativa y est\u00e9tica en Gand\u00eda y Valencia\",\"publisher\":{\"@id\":\"https:\\\/\\\/www.climunoz.com\\\/en\\\/#organization\"},\"potentialAction\":[{\"@type\":\"SearchAction\",\"target\":{\"@type\":\"EntryPoint\",\"urlTemplate\":\"https:\\\/\\\/www.climunoz.com\\\/en\\\/?s={search_term_string}\"},\"query-input\":{\"@type\":\"PropertyValueSpecification\",\"valueRequired\":true,\"valueName\":\"search_term_string\"}}],\"inLanguage\":\"en-US\"},{\"@type\":\"Organization\",\"@id\":\"https:\\\/\\\/www.climunoz.com\\\/en\\\/#organization\",\"name\":\"Cl\u00ednica Mu\u00f1oz, especialistas en inmunolog\u00eda\",\"url\":\"https:\\\/\\\/www.climunoz.com\\\/en\\\/\",\"logo\":{\"@type\":\"ImageObject\",\"inLanguage\":\"en-US\",\"@id\":\"https:\\\/\\\/www.climunoz.com\\\/en\\\/#\\\/schema\\\/logo\\\/image\\\/\",\"url\":\"https:\\\/\\\/www.climunoz.com\\\/wp-content\\\/uploads\\\/2021\\\/12\\\/cropped-logo-clinicas-mun\u0303oz-sin-texto.png\",\"contentUrl\":\"https:\\\/\\\/www.climunoz.com\\\/wp-content\\\/uploads\\\/2021\\\/12\\\/cropped-logo-clinicas-mun\u0303oz-sin-texto.png\",\"width\":512,\"height\":512,\"caption\":\"Cl\u00ednica Mu\u00f1oz, especialistas en inmunolog\u00eda\"},\"image\":{\"@id\":\"https:\\\/\\\/www.climunoz.com\\\/en\\\/#\\\/schema\\\/logo\\\/image\\\/\"}}]}<\/script>\n<!-- \/ Yoast SEO plugin. -->","yoast_head_json":{"title":"Diagnosis and Treatment of Tumor Diseases | Cl\u00ednica Mu\u00f1oz","description":"We approach tumor diseases with our successful methodology based on precision diagnostics and treatments with bigmed and nutrition. Find out more!","robots":{"index":"index","follow":"follow","max-snippet":"max-snippet:-1","max-image-preview":"max-image-preview:large","max-video-preview":"max-video-preview:-1"},"canonical":"https:\/\/www.climunoz.com\/en\/personalized-medicine-and-immunology\/diseases\/rare-diseases\/","og_locale":"en_US","og_type":"article","og_title":"Diagnosis and Treatment of Tumor Diseases | Cl\u00ednica Mu\u00f1oz","og_description":"We approach tumor diseases with our successful methodology based on precision diagnostics and treatments with bigmed and nutrition. Find out more!","og_url":"https:\/\/www.climunoz.com\/en\/personalized-medicine-and-immunology\/diseases\/rare-diseases\/","og_site_name":"Cl\u00ednica Mu\u00f1oz","article_modified_time":"2025-01-13T15:40:16+00:00","og_image":[{"width":512,"height":512,"url":"https:\/\/www.climunoz.com\/wp-content\/uploads\/2021\/12\/cropped-logo-clinicas-mun\u0303oz-sin-texto.png","type":"image\/png"}],"twitter_card":"summary_large_image","twitter_misc":{"Est. reading time":"1 minute"},"schema":{"@context":"https:\/\/schema.org","@graph":[{"@type":"WebPage","@id":"https:\/\/www.climunoz.com\/en\/personalized-medicine-and-immunology\/diseases\/rare-diseases\/","url":"https:\/\/www.climunoz.com\/en\/personalized-medicine-and-immunology\/diseases\/rare-diseases\/","name":"Diagnosis and Treatment of Tumor Diseases | Cl\u00ednica Mu\u00f1oz","isPartOf":{"@id":"https:\/\/www.climunoz.com\/en\/#website"},"datePublished":"2024-11-11T09:25:48+00:00","dateModified":"2025-01-13T15:40:16+00:00","description":"We approach tumor diseases with our successful methodology based on precision diagnostics and treatments with bigmed and nutrition. Find out more!","breadcrumb":{"@id":"https:\/\/www.climunoz.com\/en\/personalized-medicine-and-immunology\/diseases\/rare-diseases\/#breadcrumb"},"inLanguage":"en-US","potentialAction":[{"@type":"ReadAction","target":["https:\/\/www.climunoz.com\/en\/personalized-medicine-and-immunology\/diseases\/rare-diseases\/"]}]},{"@type":"BreadcrumbList","@id":"https:\/\/www.climunoz.com\/en\/personalized-medicine-and-immunology\/diseases\/rare-diseases\/#breadcrumb","itemListElement":[{"@type":"ListItem","position":1,"name":"Home","item":"https:\/\/www.climunoz.com\/en\/home\/"},{"@type":"ListItem","position":2,"name":"Personalized medicine and immunology","item":"https:\/\/www.climunoz.com\/en\/personalized-medicine-and-immunology\/"},{"@type":"ListItem","position":3,"name":"Diseases","item":"https:\/\/www.climunoz.com\/en\/personalized-medicine-and-immunology\/diseases\/"},{"@type":"ListItem","position":4,"name":"Rare diseases"}]},{"@type":"WebSite","@id":"https:\/\/www.climunoz.com\/en\/#website","url":"https:\/\/www.climunoz.com\/en\/","name":"Cl\u00ednica Mu\u00f1oz","description":"Medicina integrativa y est\u00e9tica en Gand\u00eda y Valencia","publisher":{"@id":"https:\/\/www.climunoz.com\/en\/#organization"},"potentialAction":[{"@type":"SearchAction","target":{"@type":"EntryPoint","urlTemplate":"https:\/\/www.climunoz.com\/en\/?s={search_term_string}"},"query-input":{"@type":"PropertyValueSpecification","valueRequired":true,"valueName":"search_term_string"}}],"inLanguage":"en-US"},{"@type":"Organization","@id":"https:\/\/www.climunoz.com\/en\/#organization","name":"Cl\u00ednica Mu\u00f1oz, especialistas en inmunolog\u00eda","url":"https:\/\/www.climunoz.com\/en\/","logo":{"@type":"ImageObject","inLanguage":"en-US","@id":"https:\/\/www.climunoz.com\/en\/#\/schema\/logo\/image\/","url":"https:\/\/www.climunoz.com\/wp-content\/uploads\/2021\/12\/cropped-logo-clinicas-mun\u0303oz-sin-texto.png","contentUrl":"https:\/\/www.climunoz.com\/wp-content\/uploads\/2021\/12\/cropped-logo-clinicas-mun\u0303oz-sin-texto.png","width":512,"height":512,"caption":"Cl\u00ednica Mu\u00f1oz, especialistas en inmunolog\u00eda"},"image":{"@id":"https:\/\/www.climunoz.com\/en\/#\/schema\/logo\/image\/"}}]}},"_links":{"self":[{"href":"https:\/\/www.climunoz.com\/en\/wp-json\/wp\/v2\/pages\/27968","targetHints":{"allow":["GET"]}}],"collection":[{"href":"https:\/\/www.climunoz.com\/en\/wp-json\/wp\/v2\/pages"}],"about":[{"href":"https:\/\/www.climunoz.com\/en\/wp-json\/wp\/v2\/types\/page"}],"author":[{"embeddable":true,"href":"https:\/\/www.climunoz.com\/en\/wp-json\/wp\/v2\/users\/1"}],"replies":[{"embeddable":true,"href":"https:\/\/www.climunoz.com\/en\/wp-json\/wp\/v2\/comments?post=27968"}],"version-history":[{"count":6,"href":"https:\/\/www.climunoz.com\/en\/wp-json\/wp\/v2\/pages\/27968\/revisions"}],"predecessor-version":[{"id":29331,"href":"https:\/\/www.climunoz.com\/en\/wp-json\/wp\/v2\/pages\/27968\/revisions\/29331"}],"up":[{"embeddable":true,"href":"https:\/\/www.climunoz.com\/en\/wp-json\/wp\/v2\/pages\/28164"}],"wp:attachment":[{"href":"https:\/\/www.climunoz.com\/en\/wp-json\/wp\/v2\/media?parent=27968"}],"curies":[{"name":"wp","href":"https:\/\/api.w.org\/{rel}","templated":true}]}}