{"id":28378,"date":"2022-02-23T19:52:32","date_gmt":"2022-02-23T19:52:32","guid":{"rendered":"https:\/\/www.climunoz.com\/rechtlicher-hinweis\/"},"modified":"2024-12-04T18:16:39","modified_gmt":"2024-12-04T18:16:39","slug":"rechtlicher-hinweis","status":"publish","type":"page","link":"https:\/\/www.climunoz.com\/de\/rechtlicher-hinweis\/","title":{"rendered":"Rechtlicher Hinweis"},"content":{"rendered":"\n<div>\n<div><span class=\"font-size-10 lh-1\">In \u00dcbereinstimmung mit Artikel 10 des Gesetzes 34\/2002 vom 11. Juli \u00fcber die Dienstleistungen der Informationsgesellschaft und den elektronischen Handel (LSSICE) werden im Folgenden die Identifikationsdaten des Unternehmens aufgef\u00fchrt.<\/span><\/div>\n<div><span class=\"font-size-10 lh-1\"> <\/span><\/div>\n<div><span class=\"font-size-10 lh-1\">Name des Unternehmens: <\/span>Clinica Mu\u00f1oz<\/div>\n<div><span class=\"font-size-10 lh-1\">Steueridentifikationsnummer: <\/span>29160778K<\/div>\n<div><span class=\"font-size-10 lh-1\">Eingetragener Firmensitz: <\/span>Sant Francesc de Borja 21- 46701 Gandia (Valencia)<\/div>\n<div><span class=\"font-size-10 lh-1\">E-Mail: <\/span>info@climunoz.com<\/div>\n<div><span class=\"font-size-10 lh-1\">Telefon: <\/span>962960269<\/div>\n<div><span class=\"font-size-10 lh-1\">Daten in Bezug auf die vorherige beh\u00f6rdliche Genehmigung f\u00fcr die Aus\u00fcbung der T\u00e4tigkeit:<\/span><\/div>\n<div><span class=\"font-size-10 lh-1\">Eingetragen als Medizinisches Zentrum f\u00fcr Allgemein- und Familienmedizin und \u00c4sthetische Medizin, durch die Conseller\u00eda de Sanitat i Consum Valenciana,  <\/span><\/div>\n<div><span class=\"font-size-10 lh-1\">mit der Nummer 02595 des offiziellen Registers der Gesundheitszentren, -dienste und -einrichtungen der Valencianischen Gemeinschaft.<\/span><\/div>\n<div><span class=\"font-size-10 lh-1\">Verhaltenskodizes, an die sie sich h\u00e4lt: <\/span>Medizinischer Ethikkodex.<\/div>\n<div><span class=\"font-size-10 lh-1\">Akademische Qualifikationen:<\/span><\/div>\n<div><span class=\"font-size-10 lh-1\">Hochschulabschluss in Medizin und Chirurgie. Allgemeinmediziner im spanischen Gesundheitssystem und in den \u00f6ffentlichen Sozialversicherungssystemen der anderen Mitgliedstaaten der Europ\u00e4ischen Gemeinschaften. <\/span><\/div>\n<div><span class=\"font-size-10 lh-1\">Doktor der kosmetischen Medizin, akkreditiert durch das offizielle \u00c4rztekollegium von Valencia und eingetragen im Register f\u00fcr nicht-regulierte medizinische T\u00e4tigkeiten unter der Nummer E\/024.<\/span><\/div>\n<div><span class=\"font-size-10 lh-1\">Master-Abschluss in \u00c4sthetischer Medizin und Diplome in Kosmetischer Medizin und Chirurgie <\/span>und in Medizin des Alterns, von der Autonomen Universit\u00e4t Barcelona.<\/div>\n<div><span class=\"font-size-10 lh-1\">Staat in der Europ\u00e4ischen Union oder im Europ\u00e4ischen Wirtschaftsraum, in dem die Qualifikation erworben wurde: <\/span>Spanien<\/div>\n<div><span class=\"font-size-10 lh-1\"> <\/span><\/div>\n<div><span class=\"font-size-10 lh-1\">Diese Website wurde erstellt und ist geistiges Eigentum von Inmaculada Mu\u00f1oz Escriv\u00e1 zu Informationszwecken und f\u00fcr den pers\u00f6nlichen Gebrauch der Nutzer und der Zugang ist kostenlos. Der Zweck dieses rechtlichen Hinweises ist es, den Zugang zu und die Nutzung dieser Website sowie die Beziehung zwischen der Website und ihren Nutzern zu regeln. Mit dem Zugriff auf diese Website akzeptieren Sie die folgenden Bedingungen: Der Zugriff auf diese Website liegt in der alleinigen Verantwortung der Nutzer. Jede Nutzung, die gegen die Vorschriften zum geistigen Eigentum verst\u00f6\u00dft, wird gem\u00e4\u00df der geltenden Gesetzgebung geahndet.   <\/span><\/div>\n<div><span class=\"font-size-10 lh-1\">Der einfache Zugriff auf diese Website impliziert keine Art von Gesch\u00e4ftsbeziehung zwischen Clinica Mu\u00f1oz und dem Benutzer.  <\/span><\/div>\n<div><span class=\"font-size-10 lh-1\">Der Zugriff auf diese Website und das Browsen auf ihr ist kostenlos und setzt die Annahme und Kenntnis der hierin enthaltenen rechtlichen Hinweise, Bedingungen und Nutzungsbedingungen voraus.<\/span><\/div>\n<div><span class=\"font-size-10 lh-1\">Der Eigent\u00fcmer der Website kann Dienstleistungen oder Produkte anbieten, die eigenen besonderen Bedingungen unterliegen, die je nach Fall die vorliegenden Bedingungen ersetzen, erg\u00e4nzen und\/oder modifizieren k\u00f6nnen und \u00fcber die der Nutzer in jedem Einzelfall informiert wird.<\/span><\/div>\n<\/div>\n","protected":false},"excerpt":{"rendered":"<p>In \u00dcbereinstimmung mit Artikel 10 des Gesetzes 34\/2002 vom 11. Juli \u00fcber die Dienstleistungen der Informationsgesellschaft und den elektronischen Handel (LSSICE) werden im Folgenden die Identifikationsdaten des Unternehmens aufgef\u00fchrt. Name des Unternehmens: Clinica Mu\u00f1oz Steueridentifikationsnummer: 29160778K Eingetragener Firmensitz: Sant Francesc de Borja 21- 46701 Gandia (Valencia) E-Mail: info@climunoz.com Telefon: 962960269 Daten in Bezug auf die [&hellip;]<\/p>\n","protected":false},"author":1,"featured_media":0,"parent":0,"menu_order":0,"comment_status":"closed","ping_status":"closed","template":"","meta":{"_et_pb_use_builder":"","_et_pb_old_content":"","_et_gb_content_width":"","footnotes":""},"class_list":["post-28378","page","type-page","status-publish","hentry"],"yoast_head":"<!-- This site is optimized with the Yoast SEO plugin v27.4 - https:\/\/yoast.com\/product\/yoast-seo-wordpress\/ -->\n<title>Rechtlicher Hinweis - Cl\u00ednica Mu\u00f1oz<\/title>\n<meta name=\"robots\" content=\"noindex, follow\" \/>\n<meta property=\"og:locale\" content=\"de_DE\" \/>\n<meta property=\"og:type\" content=\"article\" \/>\n<meta property=\"og:title\" content=\"Rechtlicher Hinweis - Cl\u00ednica Mu\u00f1oz\" \/>\n<meta property=\"og:description\" content=\"In \u00dcbereinstimmung mit Artikel 10 des Gesetzes 34\/2002 vom 11. Juli \u00fcber die Dienstleistungen der Informationsgesellschaft und den elektronischen Handel (LSSICE) werden im Folgenden die Identifikationsdaten des Unternehmens aufgef\u00fchrt. Name des Unternehmens: Clinica Mu\u00f1oz Steueridentifikationsnummer: 29160778K Eingetragener Firmensitz: Sant Francesc de Borja 21- 46701 Gandia (Valencia) E-Mail: info@climunoz.com Telefon: 962960269 Daten in Bezug auf die [&hellip;]\" \/>\n<meta property=\"og:url\" content=\"https:\/\/www.climunoz.com\/de\/rechtlicher-hinweis\/\" \/>\n<meta property=\"og:site_name\" content=\"Cl\u00ednica Mu\u00f1oz\" \/>\n<meta property=\"article:modified_time\" content=\"2024-12-04T18:16:39+00:00\" \/>\n<meta property=\"og:image\" content=\"https:\/\/www.climunoz.com\/wp-content\/uploads\/2021\/12\/cropped-logo-clinicas-mun\u0303oz-sin-texto.png\" \/>\n\t<meta property=\"og:image:width\" content=\"512\" \/>\n\t<meta property=\"og:image:height\" content=\"512\" \/>\n\t<meta property=\"og:image:type\" content=\"image\/png\" \/>\n<meta name=\"twitter:card\" content=\"summary_large_image\" \/>\n<meta name=\"twitter:label1\" content=\"Gesch\u00e4tzte Lesezeit\" \/>\n\t<meta name=\"twitter:data1\" content=\"2\u00a0Minuten\" \/>\n<script type=\"application\/ld+json\" class=\"yoast-schema-graph\">{\"@context\":\"https:\\\/\\\/schema.org\",\"@graph\":[{\"@type\":\"WebPage\",\"@id\":\"https:\\\/\\\/www.climunoz.com\\\/de\\\/rechtlicher-hinweis\\\/\",\"url\":\"https:\\\/\\\/www.climunoz.com\\\/de\\\/rechtlicher-hinweis\\\/\",\"name\":\"Rechtlicher Hinweis - Cl\u00ednica Mu\u00f1oz\",\"isPartOf\":{\"@id\":\"https:\\\/\\\/www.climunoz.com\\\/de\\\/#website\"},\"datePublished\":\"2022-02-23T19:52:32+00:00\",\"dateModified\":\"2024-12-04T18:16:39+00:00\",\"breadcrumb\":{\"@id\":\"https:\\\/\\\/www.climunoz.com\\\/de\\\/rechtlicher-hinweis\\\/#breadcrumb\"},\"inLanguage\":\"de\",\"potentialAction\":[{\"@type\":\"ReadAction\",\"target\":[\"https:\\\/\\\/www.climunoz.com\\\/de\\\/rechtlicher-hinweis\\\/\"]}]},{\"@type\":\"BreadcrumbList\",\"@id\":\"https:\\\/\\\/www.climunoz.com\\\/de\\\/rechtlicher-hinweis\\\/#breadcrumb\",\"itemListElement\":[{\"@type\":\"ListItem\",\"position\":1,\"name\":\"Home\",\"item\":\"https:\\\/\\\/www.climunoz.com\\\/de\\\/startseite\\\/\"},{\"@type\":\"ListItem\",\"position\":2,\"name\":\"Rechtlicher Hinweis\"}]},{\"@type\":\"WebSite\",\"@id\":\"https:\\\/\\\/www.climunoz.com\\\/de\\\/#website\",\"url\":\"https:\\\/\\\/www.climunoz.com\\\/de\\\/\",\"name\":\"Cl\u00ednica Mu\u00f1oz\",\"description\":\"Medicina integrativa y est\u00e9tica en Gand\u00eda y Valencia\",\"publisher\":{\"@id\":\"https:\\\/\\\/www.climunoz.com\\\/de\\\/#organization\"},\"potentialAction\":[{\"@type\":\"SearchAction\",\"target\":{\"@type\":\"EntryPoint\",\"urlTemplate\":\"https:\\\/\\\/www.climunoz.com\\\/de\\\/?s={search_term_string}\"},\"query-input\":{\"@type\":\"PropertyValueSpecification\",\"valueRequired\":true,\"valueName\":\"search_term_string\"}}],\"inLanguage\":\"de\"},{\"@type\":\"Organization\",\"@id\":\"https:\\\/\\\/www.climunoz.com\\\/de\\\/#organization\",\"name\":\"Cl\u00ednica Mu\u00f1oz, especialistas en inmunolog\u00eda\",\"url\":\"https:\\\/\\\/www.climunoz.com\\\/de\\\/\",\"logo\":{\"@type\":\"ImageObject\",\"inLanguage\":\"de\",\"@id\":\"https:\\\/\\\/www.climunoz.com\\\/de\\\/#\\\/schema\\\/logo\\\/image\\\/\",\"url\":\"https:\\\/\\\/www.climunoz.com\\\/wp-content\\\/uploads\\\/2021\\\/12\\\/cropped-logo-clinicas-mun\u0303oz-sin-texto.png\",\"contentUrl\":\"https:\\\/\\\/www.climunoz.com\\\/wp-content\\\/uploads\\\/2021\\\/12\\\/cropped-logo-clinicas-mun\u0303oz-sin-texto.png\",\"width\":512,\"height\":512,\"caption\":\"Cl\u00ednica Mu\u00f1oz, especialistas en inmunolog\u00eda\"},\"image\":{\"@id\":\"https:\\\/\\\/www.climunoz.com\\\/de\\\/#\\\/schema\\\/logo\\\/image\\\/\"}}]}<\/script>\n<!-- \/ Yoast SEO plugin. -->","yoast_head_json":{"title":"Rechtlicher Hinweis - Cl\u00ednica Mu\u00f1oz","robots":{"index":"noindex","follow":"follow"},"og_locale":"de_DE","og_type":"article","og_title":"Rechtlicher Hinweis - Cl\u00ednica Mu\u00f1oz","og_description":"In \u00dcbereinstimmung mit Artikel 10 des Gesetzes 34\/2002 vom 11. Juli \u00fcber die Dienstleistungen der Informationsgesellschaft und den elektronischen Handel (LSSICE) werden im Folgenden die Identifikationsdaten des Unternehmens aufgef\u00fchrt. Name des Unternehmens: Clinica Mu\u00f1oz Steueridentifikationsnummer: 29160778K Eingetragener Firmensitz: Sant Francesc de Borja 21- 46701 Gandia (Valencia) E-Mail: info@climunoz.com Telefon: 962960269 Daten in Bezug auf die [&hellip;]","og_url":"https:\/\/www.climunoz.com\/de\/rechtlicher-hinweis\/","og_site_name":"Cl\u00ednica Mu\u00f1oz","article_modified_time":"2024-12-04T18:16:39+00:00","og_image":[{"width":512,"height":512,"url":"https:\/\/www.climunoz.com\/wp-content\/uploads\/2021\/12\/cropped-logo-clinicas-mun\u0303oz-sin-texto.png","type":"image\/png"}],"twitter_card":"summary_large_image","twitter_misc":{"Gesch\u00e4tzte Lesezeit":"2\u00a0Minuten"},"schema":{"@context":"https:\/\/schema.org","@graph":[{"@type":"WebPage","@id":"https:\/\/www.climunoz.com\/de\/rechtlicher-hinweis\/","url":"https:\/\/www.climunoz.com\/de\/rechtlicher-hinweis\/","name":"Rechtlicher Hinweis - Cl\u00ednica Mu\u00f1oz","isPartOf":{"@id":"https:\/\/www.climunoz.com\/de\/#website"},"datePublished":"2022-02-23T19:52:32+00:00","dateModified":"2024-12-04T18:16:39+00:00","breadcrumb":{"@id":"https:\/\/www.climunoz.com\/de\/rechtlicher-hinweis\/#breadcrumb"},"inLanguage":"de","potentialAction":[{"@type":"ReadAction","target":["https:\/\/www.climunoz.com\/de\/rechtlicher-hinweis\/"]}]},{"@type":"BreadcrumbList","@id":"https:\/\/www.climunoz.com\/de\/rechtlicher-hinweis\/#breadcrumb","itemListElement":[{"@type":"ListItem","position":1,"name":"Home","item":"https:\/\/www.climunoz.com\/de\/startseite\/"},{"@type":"ListItem","position":2,"name":"Rechtlicher Hinweis"}]},{"@type":"WebSite","@id":"https:\/\/www.climunoz.com\/de\/#website","url":"https:\/\/www.climunoz.com\/de\/","name":"Cl\u00ednica Mu\u00f1oz","description":"Medicina integrativa y est\u00e9tica en Gand\u00eda y Valencia","publisher":{"@id":"https:\/\/www.climunoz.com\/de\/#organization"},"potentialAction":[{"@type":"SearchAction","target":{"@type":"EntryPoint","urlTemplate":"https:\/\/www.climunoz.com\/de\/?s={search_term_string}"},"query-input":{"@type":"PropertyValueSpecification","valueRequired":true,"valueName":"search_term_string"}}],"inLanguage":"de"},{"@type":"Organization","@id":"https:\/\/www.climunoz.com\/de\/#organization","name":"Cl\u00ednica Mu\u00f1oz, especialistas en inmunolog\u00eda","url":"https:\/\/www.climunoz.com\/de\/","logo":{"@type":"ImageObject","inLanguage":"de","@id":"https:\/\/www.climunoz.com\/de\/#\/schema\/logo\/image\/","url":"https:\/\/www.climunoz.com\/wp-content\/uploads\/2021\/12\/cropped-logo-clinicas-mun\u0303oz-sin-texto.png","contentUrl":"https:\/\/www.climunoz.com\/wp-content\/uploads\/2021\/12\/cropped-logo-clinicas-mun\u0303oz-sin-texto.png","width":512,"height":512,"caption":"Cl\u00ednica Mu\u00f1oz, especialistas en inmunolog\u00eda"},"image":{"@id":"https:\/\/www.climunoz.com\/de\/#\/schema\/logo\/image\/"}}]}},"_links":{"self":[{"href":"https:\/\/www.climunoz.com\/de\/wp-json\/wp\/v2\/pages\/28378","targetHints":{"allow":["GET"]}}],"collection":[{"href":"https:\/\/www.climunoz.com\/de\/wp-json\/wp\/v2\/pages"}],"about":[{"href":"https:\/\/www.climunoz.com\/de\/wp-json\/wp\/v2\/types\/page"}],"author":[{"embeddable":true,"href":"https:\/\/www.climunoz.com\/de\/wp-json\/wp\/v2\/users\/1"}],"replies":[{"embeddable":true,"href":"https:\/\/www.climunoz.com\/de\/wp-json\/wp\/v2\/comments?post=28378"}],"version-history":[{"count":1,"href":"https:\/\/www.climunoz.com\/de\/wp-json\/wp\/v2\/pages\/28378\/revisions"}],"predecessor-version":[{"id":28380,"href":"https:\/\/www.climunoz.com\/de\/wp-json\/wp\/v2\/pages\/28378\/revisions\/28380"}],"wp:attachment":[{"href":"https:\/\/www.climunoz.com\/de\/wp-json\/wp\/v2\/media?parent=28378"}],"curies":[{"name":"wp","href":"https:\/\/api.w.org\/{rel}","templated":true}]}}