{"id":27960,"date":"2024-11-11T09:25:48","date_gmt":"2024-11-11T09:25:48","guid":{"rendered":"https:\/\/www.climunoz.com\/seltene-krankheiten\/"},"modified":"2025-01-16T09:12:52","modified_gmt":"2025-01-16T09:12:52","slug":"seltene-krankheiten","status":"publish","type":"page","link":"https:\/\/www.climunoz.com\/de\/personalisierte-medizin-und-immunologie\/krankheiten\/seltene-krankheiten\/","title":{"rendered":"Seltene Krankheiten"},"content":{"rendered":"<p>[et_pb_section fb_built=&#8220;1&#8243; custom_padding_last_edited=&#8220;on|phone&#8220; admin_label=&#8220;Hero&#8220; _builder_version=&#8220;4.27.2&#8243; background_color=&#8220;rgba(35,35,35,0.24)&#8220; background_color_gradient_start=&#8220;rgba(20,2,2,0.2)&#8220; background_color_gradient_end=&#8220;rgba(10,0,0,0.42)&#8220; background_image=&#8220;https:\/\/www.climunoz.com\/wp-content\/uploads\/2024\/11\/fondo-cabecera-enfermedades-raras.jpg&#8220; background_blend=&#8220;multiply&#8220; custom_margin=&#8220;|5vw||&#8220; custom_padding=&#8220;8vw||8vw||true|false&#8220; custom_padding_tablet=&#8220;100px||100px|&#8220; custom_padding_phone=&#8220;|||&#8220; animation_style=&#8220;slide&#8220; animation_direction=&#8220;left&#8220; animation_intensity_slide=&#8220;5%&#8220; border_radii=&#8220;off|||15vw|&#8220; border_color_all=&#8220;#627e89&#8243; border_width_right=&#8220;0vw&#8220; box_shadow_style=&#8220;preset4&#8243; box_shadow_horizontal=&#8220;0px&#8220; box_shadow_vertical=&#8220;30px&#8220; box_shadow_blur=&#8220;80px&#8220; box_shadow_spread=&#8220;-30px&#8220; box_shadow_color=&#8220;#b2b2b2&#8243; global_colors_info=&#8220;{}&#8220;][et_pb_row _builder_version=&#8220;4.16&#8243; width=&#8220;63.5%&#8220; width_tablet=&#8220;63.5%&#8220; width_phone=&#8220;100%&#8220; width_last_edited=&#8220;on|phone&#8220; custom_margin=&#8220;|536px||120px|false|false&#8220; custom_margin_tablet=&#8220;|536px||auto||&#8220; custom_margin_phone=&#8220;|536px||auto||&#8220; custom_margin_last_edited=&#8220;on|phone&#8220; custom_padding=&#8220;0|0px|27px|0px||&#8220; global_colors_info=&#8220;{}&#8220;][et_pb_column type=&#8220;4_4&#8243; _builder_version=&#8220;4.16&#8243; custom_padding=&#8220;|||&#8220; global_colors_info=&#8220;{}&#8220; custom_padding__hover=&#8220;|||&#8220;][et_pb_text admin_label=&#8220;Text&#8220; _builder_version=&#8220;4.16&#8243; text_font=&#8220;|300|||||||&#8220; text_line_height=&#8220;1.8em&#8220; header_font=&#8220;Montserrat|500|||||||&#8220; header_text_align=&#8220;left&#8220; header_font_size=&#8220;3vw&#8220; header_line_height=&#8220;1.2em&#8220; background_layout=&#8220;dark&#8220; width_tablet=&#8220;&#8220; width_phone=&#8220;93.1%&#8220; width_last_edited=&#8220;on|phone&#8220; module_alignment=&#8220;left&#8220; custom_margin=&#8220;|182px||-242px||&#8220; custom_margin_tablet=&#8220;|182px||-242px||&#8220; custom_margin_phone=&#8220;|216px||-242px||&#8220; custom_margin_last_edited=&#8220;on|phone&#8220; custom_padding=&#8220;|0px||||&#8220; custom_padding_tablet=&#8220;|122px||||&#8220; custom_padding_phone=&#8220;|0px|||false|false&#8220; custom_padding_last_edited=&#8220;on|phone&#8220; text_font_size_tablet=&#8220;&#8220; text_font_size_phone=&#8220;&#8220; text_font_size_last_edited=&#8220;on|phone&#8220; header_font_tablet=&#8220;Montserrat|500|||||||&#8220; header_font_phone=&#8220;Default|500|||||||&#8220; header_font_last_edited=&#8220;on|phone&#8220; header_font_size_tablet=&#8220;40px&#8220; header_font_size_phone=&#8220;34px&#8220; header_font_size_last_edited=&#8220;on|phone&#8220; header_line_height_tablet=&#8220;1.2em&#8220; header_line_height_phone=&#8220;1.1em&#8220; header_line_height_last_edited=&#8220;on|phone&#8220; module_alignment_tablet=&#8220;left&#8220; module_alignment_phone=&#8220;center&#8220; module_alignment_last_edited=&#8220;on|phone&#8220; header_text_shadow_style=&#8220;preset3&#8243; header_text_shadow_color=&#8220;rgba(0,0,0,0.06)&#8220; global_colors_info=&#8220;{}&#8220;]<\/p>\n<h1 style=\"text-align: left;\">Seltene Krankheiten<\/h1>\n<p>[\/et_pb_text][\/et_pb_column][\/et_pb_row][\/et_pb_section][et_pb_section fb_built=&#8220;1&#8243; disabled_on=&#8220;on|off|off&#8220; admin_label=&#8220;Section&#8220; module_class=&#8220;menu-enfermedades&#8220; _builder_version=&#8220;4.16&#8243; _module_preset=&#8220;default&#8220; custom_padding=&#8220;5px||0px|||&#8220; saved_tabs=&#8220;all&#8220; global_colors_info=&#8220;{}&#8220;][et_pb_row disabled_on=&#8220;off|off|off&#8220; _builder_version=&#8220;4.16&#8243; _module_preset=&#8220;default&#8220; background_enable_image=&#8220;off&#8220; background_size=&#8220;contain&#8220; background_position=&#8220;top_left&#8220; width=&#8220;90%&#8220; max_width=&#8220;90%&#8220; custom_margin=&#8220;||||false|false&#8220; custom_padding=&#8220;4px||1px|||&#8220; global_colors_info=&#8220;{}&#8220;][et_pb_column type=&#8220;4_4&#8243; _builder_version=&#8220;4.16&#8243; _module_preset=&#8220;default&#8220; global_colors_info=&#8220;{}&#8220;][et_pb_text _builder_version=&#8220;4.16&#8243; _module_preset=&#8220;default&#8220; width=&#8220;100%&#8220; max_width=&#8220;100%&#8220; module_alignment=&#8220;left&#8220; global_colors_info=&#8220;{}&#8220;]<\/p>\n<p style=\"text-align: left;\"><span><span><a href=\"https:\/\/www.climunoz.com\/de\/startseite\/\">Home<\/a><\/span><\/span><\/p>\n<p>[\/et_pb_text][\/et_pb_column][\/et_pb_row][\/et_pb_section][et_pb_section fb_built=&#8220;1&#8243; _builder_version=&#8220;4.16&#8243; _module_preset=&#8220;default&#8220; custom_padding=&#8220;||3px|||&#8220; global_colors_info=&#8220;{}&#8220;][et_pb_row column_structure=&#8220;2_5,3_5&#8243; disabled_on=&#8220;off|off|off&#8220; _builder_version=&#8220;4.16&#8243; _module_preset=&#8220;default&#8220; global_colors_info=&#8220;{}&#8220;][et_pb_column type=&#8220;2_5&#8243; _builder_version=&#8220;4.16&#8243; _module_preset=&#8220;default&#8220; custom_padding=&#8220;||||false|false&#8220; global_colors_info=&#8220;{}&#8220;][et_pb_sidebar area=&#8220;et_pb_widget_area_1&#8243; disabled_on=&#8220;off|off|off&#8220; module_class=&#8220;sidebar-menu-enfermedades&#8220; _builder_version=&#8220;4.16&#8243; _module_preset=&#8220;default&#8220; z_index=&#8220;500&#8243; position_origin_a_tablet=&#8220;&#8220; position_origin_a_phone=&#8220;&#8220; position_origin_a_last_edited=&#8220;on|desktop&#8220; position_origin_f_tablet=&#8220;center_center&#8220; position_origin_f_phone=&#8220;center_center&#8220; position_origin_f_last_edited=&#8220;on|desktop&#8220; position_origin_r_tablet=&#8220;&#8220; position_origin_r_phone=&#8220;&#8220; position_origin_r_last_edited=&#8220;on|desktop&#8220; text_orientation=&#8220;center&#8220; width=&#8220;100%&#8220; width_tablet=&#8220;100%&#8220; width_phone=&#8220;100%&#8220; width_last_edited=&#8220;on|tablet&#8220; height_tablet=&#8220;&#8220; height_phone=&#8220;&#8220; height_last_edited=&#8220;on|tablet&#8220; custom_margin=&#8220;||||false|false&#8220; custom_margin_tablet=&#8220;|50px||50px|false|false&#8220; custom_margin_phone=&#8220;|0px||17vw|false|false&#8220; custom_margin_last_edited=&#8220;on|tablet&#8220; sticky_limit_bottom=&#8220;column&#8220; positioning_tablet=&#8220;fixed&#8220; positioning_phone=&#8220;fixed&#8220; positioning_last_edited=&#8220;on|phone&#8220; module_alignment_tablet=&#8220;center&#8220; module_alignment_phone=&#8220;center&#8220; module_alignment_last_edited=&#8220;on|phone&#8220; saved_tabs=&#8220;all&#8220; global_colors_info=&#8220;{}&#8220;][\/et_pb_sidebar][et_pb_image src=&#8220;https:\/\/www.climunoz.com\/wp-content\/uploads\/2024\/12\/Contacto-aleman.png&#8220; title_text=&#8220;Contacto-aleman&#8220; align_tablet=&#8220;&#8220; align_phone=&#8220;center&#8220; align_last_edited=&#8220;on|phone&#8220; disabled_on=&#8220;on|on|off&#8220; module_class=&#8220;popmake-26347\t&#8220; _builder_version=&#8220;4.27.4&#8243; _module_preset=&#8220;default&#8220; width=&#8220;90%&#8220; max_width=&#8220;50%&#8220; custom_margin=&#8220;|0px|||false|false&#8220; custom_padding=&#8220;|0px||||&#8220; custom_padding_tablet=&#8220;|216px||||&#8220; custom_padding_phone=&#8220;|0px|||false|false&#8220; custom_padding_last_edited=&#8220;on|phone&#8220; sticky_position=&#8220;top&#8220; sticky_offset_top=&#8220;109px&#8220; sticky_limit_bottom=&#8220;row&#8220; saved_tabs=&#8220;all&#8220; global_colors_info=&#8220;{}&#8220;][\/et_pb_image][\/et_pb_column][et_pb_column type=&#8220;3_5&#8243; _builder_version=&#8220;4.16&#8243; _module_preset=&#8220;default&#8220; global_colors_info=&#8220;{}&#8220;][et_pb_text _builder_version=&#8220;4.16&#8243; text_text_color=&#8220;#000000&#8243; header_2_font=&#8220;||||||||&#8220; text_orientation=&#8220;left&#8220; width=&#8220;85%&#8220; width_tablet=&#8220;90%&#8220; width_phone=&#8220;90%&#8220; width_last_edited=&#8220;on|phone&#8220; max_width=&#8220;85%&#8220; max_width_tablet=&#8220;91%&#8220; max_width_phone=&#8220;90%&#8220; max_width_last_edited=&#8220;on|phone&#8220; module_alignment=&#8220;left&#8220; custom_margin=&#8220;17px||||false|false&#8220; custom_margin_tablet=&#8220;0px|50px||50px|false|false&#8220; custom_margin_phone=&#8220;0px|50px||50px&#8220; custom_margin_last_edited=&#8220;on|phone&#8220; custom_padding=&#8220;||0px|||&#8220; custom_padding_tablet=&#8220;||0px||false|false&#8220; custom_padding_phone=&#8220;|10px||20px|false|false&#8220; custom_padding_last_edited=&#8220;on|phone&#8220; header_2_font_size_tablet=&#8220;&#8220; header_2_font_size_phone=&#8220;35px&#8220; header_2_font_size_last_edited=&#8220;on|phone&#8220; module_alignment_tablet=&#8220;center&#8220; module_alignment_phone=&#8220;left&#8220; module_alignment_last_edited=&#8220;on|phone&#8220; global_colors_info=&#8220;{}&#8220;]<\/p>\n<h2>Was sind seltene Krankheiten?<\/h2>\n<p>[\/et_pb_text][et_pb_text _builder_version=&#8220;4.16&#8243; text_text_color=&#8220;#000000&#8243; header_2_font=&#8220;|300|||||||&#8220; header_3_font=&#8220;|700|||||||&#8220; text_orientation=&#8220;left&#8220; width=&#8220;100%&#8220; width_tablet=&#8220;90%&#8220; width_phone=&#8220;90%&#8220; width_last_edited=&#8220;on|phone&#8220; max_width=&#8220;85%&#8220; max_width_tablet=&#8220;91%&#8220; max_width_phone=&#8220;90%&#8220; max_width_last_edited=&#8220;on|phone&#8220; module_alignment=&#8220;left&#8220; custom_margin=&#8220;|8px||||&#8220; custom_margin_tablet=&#8220;0px|50px||50px&#8220; custom_margin_phone=&#8220;0px|50px||50px&#8220; custom_margin_last_edited=&#8220;on|phone&#8220; custom_padding=&#8220;|130px||||&#8220; custom_padding_tablet=&#8220;|130px|||false|false&#8220; custom_padding_phone=&#8220;|0px||0px|false|true&#8220; custom_padding_last_edited=&#8220;on|phone&#8220; module_alignment_tablet=&#8220;center&#8220; module_alignment_phone=&#8220;center&#8220; module_alignment_last_edited=&#8220;on|tablet&#8220; global_colors_info=&#8220;{}&#8220;]<\/p>\n<p>Seltene Krankheiten sind Erkrankungen, die entweder sehr selten in der Bev\u00f6lkerung auftreten oder wenig bekannt und erforscht sind. Sie sind in der Regel chronisch und k\u00f6nnen schwerwiegende Beeintr\u00e4chtigungen verursachen.<\/p>\n<p>Mehr als 80% dieser Krankheiten haben eine genetische Ursache. Zu den bekannten Beispielen geh\u00f6ren das Marfan-Syndrom, ALS, die Sch\u00f6nlein-Henoch-Purpura und das Fragile-X-Syndrom.<\/p>\n<p>BI(G)MED setzt auf Pr\u00e4zisionsdiagnostik, um eine gezielte und wirksame Behandlung dieser seltenen Krankheiten zu erm\u00f6glichen.<\/p>\n<p>[\/et_pb_text][et_pb_image src=&#8220;https:\/\/www.climunoz.com\/wp-content\/uploads\/2024\/11\/medicacion-enfermedades-raras.jpg&#8220; alt=&#8220;Forscher mit Medikamenten f\u00fcr seltene Krankheiten&#8220; title_text=&#8220;Medikamente &#8211; seltene Krankheiten&#8220; _builder_version=&#8220;4.27.2&#8243; _module_preset=&#8220;default&#8220; max_width=&#8220;91%&#8220; border_radii=&#8220;off||||7vw&#8220; global_colors_info=&#8220;{}&#8220;][\/et_pb_image][\/et_pb_column][\/et_pb_row][\/et_pb_section][et_pb_section fb_built=&#8220;1&#8243; _builder_version=&#8220;4.16&#8243; _module_preset=&#8220;default&#8220; custom_padding=&#8220;2px||2px|||&#8220; global_colors_info=&#8220;{}&#8220;][\/et_pb_section]<\/p>\n","protected":false},"excerpt":{"rendered":"<p>Seltene Krankheiten<span><span><a href=\"https:\/\/www.climunoz.com\/de\/startseite\/\">Home<\/a><\/span><\/span>Was sind seltene Krankheiten?Seltene Krankheiten sind Erkrankungen, die entweder sehr selten in der Bev\u00f6lkerung auftreten oder wenig bekannt und erforscht sind. Sie sind in der Regel chronisch und k\u00f6nnen schwerwiegende Beeintr\u00e4chtigungen verursachen. Mehr als 80% dieser Krankheiten haben eine genetische Ursache. Zu den bekannten Beispielen geh\u00f6ren das Marfan-Syndrom, ALS, die Sch\u00f6nlein-Henoch-Purpura und das Fragile-X-Syndrom. [&hellip;]<\/p>\n","protected":false},"author":1,"featured_media":0,"parent":28149,"menu_order":0,"comment_status":"closed","ping_status":"closed","template":"","meta":{"_et_pb_use_builder":"on","_et_pb_old_content":"","_et_gb_content_width":"","footnotes":""},"class_list":["post-27960","page","type-page","status-publish","hentry"],"yoast_head":"<!-- This site is optimized with the Yoast SEO plugin v27.4 - https:\/\/yoast.com\/product\/yoast-seo-wordpress\/ -->\n<title>Diagnose und Behandlung von Tumorerkrankungen | Cl\u00ednica Mu\u00f1oz<\/title>\n<meta name=\"description\" content=\"Wir bek\u00e4mpfen Tumorerkrankungen mit unserer erfolgreichen Methodik, die auf Pr\u00e4zisionsdiagnostik und Behandlungen mit bigmed und Ern\u00e4hrung basiert. Erfahren Sie mehr!\" \/>\n<meta name=\"robots\" content=\"index, follow, max-snippet:-1, max-image-preview:large, max-video-preview:-1\" \/>\n<link rel=\"canonical\" href=\"https:\/\/www.climunoz.com\/de\/personalisierte-medizin-und-immunologie\/krankheiten\/seltene-krankheiten\/\" \/>\n<meta property=\"og:locale\" content=\"de_DE\" \/>\n<meta property=\"og:type\" content=\"article\" \/>\n<meta property=\"og:title\" content=\"Diagnose und Behandlung von Tumorerkrankungen | Cl\u00ednica Mu\u00f1oz\" \/>\n<meta property=\"og:description\" content=\"Wir bek\u00e4mpfen Tumorerkrankungen mit unserer erfolgreichen Methodik, die auf Pr\u00e4zisionsdiagnostik und Behandlungen mit bigmed und Ern\u00e4hrung basiert. Erfahren Sie mehr!\" \/>\n<meta property=\"og:url\" content=\"https:\/\/www.climunoz.com\/de\/personalisierte-medizin-und-immunologie\/krankheiten\/seltene-krankheiten\/\" \/>\n<meta property=\"og:site_name\" content=\"Cl\u00ednica Mu\u00f1oz\" \/>\n<meta property=\"article:modified_time\" content=\"2025-01-16T09:12:52+00:00\" \/>\n<meta property=\"og:image\" content=\"https:\/\/www.climunoz.com\/wp-content\/uploads\/2021\/12\/cropped-logo-clinicas-mun\u0303oz-sin-texto.png\" \/>\n\t<meta property=\"og:image:width\" content=\"512\" \/>\n\t<meta property=\"og:image:height\" content=\"512\" \/>\n\t<meta property=\"og:image:type\" content=\"image\/png\" \/>\n<meta name=\"twitter:card\" content=\"summary_large_image\" \/>\n<meta name=\"twitter:label1\" content=\"Gesch\u00e4tzte Lesezeit\" \/>\n\t<meta name=\"twitter:data1\" content=\"6\u00a0Minuten\" \/>\n<script type=\"application\/ld+json\" class=\"yoast-schema-graph\">{\"@context\":\"https:\\\/\\\/schema.org\",\"@graph\":[{\"@type\":\"WebPage\",\"@id\":\"https:\\\/\\\/www.climunoz.com\\\/de\\\/personalisierte-medizin-und-immunologie\\\/krankheiten\\\/seltene-krankheiten\\\/\",\"url\":\"https:\\\/\\\/www.climunoz.com\\\/de\\\/personalisierte-medizin-und-immunologie\\\/krankheiten\\\/seltene-krankheiten\\\/\",\"name\":\"Diagnose und Behandlung von Tumorerkrankungen | Cl\u00ednica Mu\u00f1oz\",\"isPartOf\":{\"@id\":\"https:\\\/\\\/www.climunoz.com\\\/de\\\/#website\"},\"datePublished\":\"2024-11-11T09:25:48+00:00\",\"dateModified\":\"2025-01-16T09:12:52+00:00\",\"description\":\"Wir bek\u00e4mpfen Tumorerkrankungen mit unserer erfolgreichen Methodik, die auf Pr\u00e4zisionsdiagnostik und Behandlungen mit bigmed und Ern\u00e4hrung basiert. Erfahren Sie mehr!\",\"breadcrumb\":{\"@id\":\"https:\\\/\\\/www.climunoz.com\\\/de\\\/personalisierte-medizin-und-immunologie\\\/krankheiten\\\/seltene-krankheiten\\\/#breadcrumb\"},\"inLanguage\":\"de\",\"potentialAction\":[{\"@type\":\"ReadAction\",\"target\":[\"https:\\\/\\\/www.climunoz.com\\\/de\\\/personalisierte-medizin-und-immunologie\\\/krankheiten\\\/seltene-krankheiten\\\/\"]}]},{\"@type\":\"BreadcrumbList\",\"@id\":\"https:\\\/\\\/www.climunoz.com\\\/de\\\/personalisierte-medizin-und-immunologie\\\/krankheiten\\\/seltene-krankheiten\\\/#breadcrumb\",\"itemListElement\":[{\"@type\":\"ListItem\",\"position\":1,\"name\":\"Home\",\"item\":\"https:\\\/\\\/www.climunoz.com\\\/de\\\/startseite\\\/\"},{\"@type\":\"ListItem\",\"position\":2,\"name\":\"Personalisierte Medizin und Immunologie\",\"item\":\"https:\\\/\\\/www.climunoz.com\\\/de\\\/medicina-personalizada-e-inmunologia\\\/\"},{\"@type\":\"ListItem\",\"position\":3,\"name\":\"Krankheiten\",\"item\":\"https:\\\/\\\/www.climunoz.com\\\/de\\\/medicina-personalizada-e-inmunologia\\\/enfermedades\\\/\"},{\"@type\":\"ListItem\",\"position\":4,\"name\":\"Seltene Krankheiten\"}]},{\"@type\":\"WebSite\",\"@id\":\"https:\\\/\\\/www.climunoz.com\\\/de\\\/#website\",\"url\":\"https:\\\/\\\/www.climunoz.com\\\/de\\\/\",\"name\":\"Cl\u00ednica Mu\u00f1oz\",\"description\":\"Medicina integrativa y est\u00e9tica en Gand\u00eda y Valencia\",\"publisher\":{\"@id\":\"https:\\\/\\\/www.climunoz.com\\\/de\\\/#organization\"},\"potentialAction\":[{\"@type\":\"SearchAction\",\"target\":{\"@type\":\"EntryPoint\",\"urlTemplate\":\"https:\\\/\\\/www.climunoz.com\\\/de\\\/?s={search_term_string}\"},\"query-input\":{\"@type\":\"PropertyValueSpecification\",\"valueRequired\":true,\"valueName\":\"search_term_string\"}}],\"inLanguage\":\"de\"},{\"@type\":\"Organization\",\"@id\":\"https:\\\/\\\/www.climunoz.com\\\/de\\\/#organization\",\"name\":\"Cl\u00ednica Mu\u00f1oz, especialistas en inmunolog\u00eda\",\"url\":\"https:\\\/\\\/www.climunoz.com\\\/de\\\/\",\"logo\":{\"@type\":\"ImageObject\",\"inLanguage\":\"de\",\"@id\":\"https:\\\/\\\/www.climunoz.com\\\/de\\\/#\\\/schema\\\/logo\\\/image\\\/\",\"url\":\"https:\\\/\\\/www.climunoz.com\\\/wp-content\\\/uploads\\\/2021\\\/12\\\/cropped-logo-clinicas-mun\u0303oz-sin-texto.png\",\"contentUrl\":\"https:\\\/\\\/www.climunoz.com\\\/wp-content\\\/uploads\\\/2021\\\/12\\\/cropped-logo-clinicas-mun\u0303oz-sin-texto.png\",\"width\":512,\"height\":512,\"caption\":\"Cl\u00ednica Mu\u00f1oz, especialistas en inmunolog\u00eda\"},\"image\":{\"@id\":\"https:\\\/\\\/www.climunoz.com\\\/de\\\/#\\\/schema\\\/logo\\\/image\\\/\"}}]}<\/script>\n<!-- \/ Yoast SEO plugin. -->","yoast_head_json":{"title":"Diagnose und Behandlung von Tumorerkrankungen | Cl\u00ednica Mu\u00f1oz","description":"Wir bek\u00e4mpfen Tumorerkrankungen mit unserer erfolgreichen Methodik, die auf Pr\u00e4zisionsdiagnostik und Behandlungen mit bigmed und Ern\u00e4hrung basiert. Erfahren Sie mehr!","robots":{"index":"index","follow":"follow","max-snippet":"max-snippet:-1","max-image-preview":"max-image-preview:large","max-video-preview":"max-video-preview:-1"},"canonical":"https:\/\/www.climunoz.com\/de\/personalisierte-medizin-und-immunologie\/krankheiten\/seltene-krankheiten\/","og_locale":"de_DE","og_type":"article","og_title":"Diagnose und Behandlung von Tumorerkrankungen | Cl\u00ednica Mu\u00f1oz","og_description":"Wir bek\u00e4mpfen Tumorerkrankungen mit unserer erfolgreichen Methodik, die auf Pr\u00e4zisionsdiagnostik und Behandlungen mit bigmed und Ern\u00e4hrung basiert. Erfahren Sie mehr!","og_url":"https:\/\/www.climunoz.com\/de\/personalisierte-medizin-und-immunologie\/krankheiten\/seltene-krankheiten\/","og_site_name":"Cl\u00ednica Mu\u00f1oz","article_modified_time":"2025-01-16T09:12:52+00:00","og_image":[{"width":512,"height":512,"url":"https:\/\/www.climunoz.com\/wp-content\/uploads\/2021\/12\/cropped-logo-clinicas-mun\u0303oz-sin-texto.png","type":"image\/png"}],"twitter_card":"summary_large_image","twitter_misc":{"Gesch\u00e4tzte Lesezeit":"6\u00a0Minuten"},"schema":{"@context":"https:\/\/schema.org","@graph":[{"@type":"WebPage","@id":"https:\/\/www.climunoz.com\/de\/personalisierte-medizin-und-immunologie\/krankheiten\/seltene-krankheiten\/","url":"https:\/\/www.climunoz.com\/de\/personalisierte-medizin-und-immunologie\/krankheiten\/seltene-krankheiten\/","name":"Diagnose und Behandlung von Tumorerkrankungen | Cl\u00ednica Mu\u00f1oz","isPartOf":{"@id":"https:\/\/www.climunoz.com\/de\/#website"},"datePublished":"2024-11-11T09:25:48+00:00","dateModified":"2025-01-16T09:12:52+00:00","description":"Wir bek\u00e4mpfen Tumorerkrankungen mit unserer erfolgreichen Methodik, die auf Pr\u00e4zisionsdiagnostik und Behandlungen mit bigmed und Ern\u00e4hrung basiert. Erfahren Sie mehr!","breadcrumb":{"@id":"https:\/\/www.climunoz.com\/de\/personalisierte-medizin-und-immunologie\/krankheiten\/seltene-krankheiten\/#breadcrumb"},"inLanguage":"de","potentialAction":[{"@type":"ReadAction","target":["https:\/\/www.climunoz.com\/de\/personalisierte-medizin-und-immunologie\/krankheiten\/seltene-krankheiten\/"]}]},{"@type":"BreadcrumbList","@id":"https:\/\/www.climunoz.com\/de\/personalisierte-medizin-und-immunologie\/krankheiten\/seltene-krankheiten\/#breadcrumb","itemListElement":[{"@type":"ListItem","position":1,"name":"Home","item":"https:\/\/www.climunoz.com\/de\/startseite\/"},{"@type":"ListItem","position":2,"name":"Personalisierte Medizin und Immunologie","item":"https:\/\/www.climunoz.com\/de\/medicina-personalizada-e-inmunologia\/"},{"@type":"ListItem","position":3,"name":"Krankheiten","item":"https:\/\/www.climunoz.com\/de\/medicina-personalizada-e-inmunologia\/enfermedades\/"},{"@type":"ListItem","position":4,"name":"Seltene Krankheiten"}]},{"@type":"WebSite","@id":"https:\/\/www.climunoz.com\/de\/#website","url":"https:\/\/www.climunoz.com\/de\/","name":"Cl\u00ednica Mu\u00f1oz","description":"Medicina integrativa y est\u00e9tica en Gand\u00eda y Valencia","publisher":{"@id":"https:\/\/www.climunoz.com\/de\/#organization"},"potentialAction":[{"@type":"SearchAction","target":{"@type":"EntryPoint","urlTemplate":"https:\/\/www.climunoz.com\/de\/?s={search_term_string}"},"query-input":{"@type":"PropertyValueSpecification","valueRequired":true,"valueName":"search_term_string"}}],"inLanguage":"de"},{"@type":"Organization","@id":"https:\/\/www.climunoz.com\/de\/#organization","name":"Cl\u00ednica Mu\u00f1oz, especialistas en inmunolog\u00eda","url":"https:\/\/www.climunoz.com\/de\/","logo":{"@type":"ImageObject","inLanguage":"de","@id":"https:\/\/www.climunoz.com\/de\/#\/schema\/logo\/image\/","url":"https:\/\/www.climunoz.com\/wp-content\/uploads\/2021\/12\/cropped-logo-clinicas-mun\u0303oz-sin-texto.png","contentUrl":"https:\/\/www.climunoz.com\/wp-content\/uploads\/2021\/12\/cropped-logo-clinicas-mun\u0303oz-sin-texto.png","width":512,"height":512,"caption":"Cl\u00ednica Mu\u00f1oz, especialistas en inmunolog\u00eda"},"image":{"@id":"https:\/\/www.climunoz.com\/de\/#\/schema\/logo\/image\/"}}]}},"_links":{"self":[{"href":"https:\/\/www.climunoz.com\/de\/wp-json\/wp\/v2\/pages\/27960","targetHints":{"allow":["GET"]}}],"collection":[{"href":"https:\/\/www.climunoz.com\/de\/wp-json\/wp\/v2\/pages"}],"about":[{"href":"https:\/\/www.climunoz.com\/de\/wp-json\/wp\/v2\/types\/page"}],"author":[{"embeddable":true,"href":"https:\/\/www.climunoz.com\/de\/wp-json\/wp\/v2\/users\/1"}],"replies":[{"embeddable":true,"href":"https:\/\/www.climunoz.com\/de\/wp-json\/wp\/v2\/comments?post=27960"}],"version-history":[{"count":7,"href":"https:\/\/www.climunoz.com\/de\/wp-json\/wp\/v2\/pages\/27960\/revisions"}],"predecessor-version":[{"id":29460,"href":"https:\/\/www.climunoz.com\/de\/wp-json\/wp\/v2\/pages\/27960\/revisions\/29460"}],"up":[{"embeddable":true,"href":"https:\/\/www.climunoz.com\/de\/wp-json\/wp\/v2\/pages\/28149"}],"wp:attachment":[{"href":"https:\/\/www.climunoz.com\/de\/wp-json\/wp\/v2\/media?parent=27960"}],"curies":[{"name":"wp","href":"https:\/\/api.w.org\/{rel}","templated":true}]}}